{"id":1992,"date":"2019-10-03T19:29:52","date_gmt":"2019-10-03T17:29:52","guid":{"rendered":"http:\/\/amestoapps.mediestorm.dk\/?page_id=1992"},"modified":"2024-11-10T21:34:49","modified_gmt":"2024-11-10T20:34:49","slug":"referencer","status":"publish","type":"page","link":"https:\/\/beezy365apps.com\/en\/referencer\/","title":{"rendered":"References"},"content":{"rendered":"<div data-elementor-type=\"wp-page\" data-elementor-id=\"1992\" class=\"elementor elementor-1992\" data-elementor-post-type=\"page\">\n\t\t\t\t\t\t<section class=\"elementor-section elementor-top-section elementor-element elementor-element-5f5e8be elementor-section-boxed elementor-section-height-default elementor-section-height-default\" data-id=\"5f5e8be\" data-element_type=\"section\" data-e-type=\"section\">\n\t\t\t\t\t\t<div class=\"elementor-container elementor-column-gap-default\">\n\t\t\t\t\t<div class=\"elementor-column elementor-col-100 elementor-top-column elementor-element elementor-element-51c7741\" data-id=\"51c7741\" data-element_type=\"column\" data-e-type=\"column\">\n\t\t\t<div class=\"elementor-widget-wrap elementor-element-populated\">\n\t\t\t\t\t\t<div class=\"elementor-element elementor-element-a0f3715 elementor-widget elementor-widget-image\" data-id=\"a0f3715\" data-element_type=\"widget\" data-e-type=\"widget\" data-widget_type=\"image.default\">\n\t\t\t\t<div class=\"elementor-widget-container\">\n\t\t\t\t\t\t\t\t\t\t\t\t\t\t\t<img decoding=\"async\" src=\"https:\/\/beezy365apps.com\/wp-content\/plugins\/elementor\/assets\/images\/placeholder.png\" title=\"\" alt=\"\" loading=\"lazy\" \/>\t\t\t\t\t\t\t\t\t\t\t\t\t\t\t<\/div>\n\t\t\t\t<\/div>\n\t\t\t\t\t<\/div>\n\t\t<\/div>\n\t\t\t\t\t<\/div>\n\t\t<\/section>\n\t\t\t\t<section class=\"elementor-section elementor-top-section elementor-element elementor-element-8a8ee3d elementor-section-boxed elementor-section-height-default elementor-section-height-default\" data-id=\"8a8ee3d\" data-element_type=\"section\" data-e-type=\"section\">\n\t\t\t\t\t\t<div class=\"elementor-container elementor-column-gap-default\">\n\t\t\t\t\t<div class=\"elementor-column elementor-col-100 elementor-top-column elementor-element elementor-element-4bdf7ac\" data-id=\"4bdf7ac\" data-element_type=\"column\" data-e-type=\"column\">\n\t\t\t<div class=\"elementor-widget-wrap elementor-element-populated\">\n\t\t\t\t\t\t<div class=\"elementor-element elementor-element-e58ebc9 elementor-widget elementor-widget-text-editor\" data-id=\"e58ebc9\" data-element_type=\"widget\" data-e-type=\"widget\" data-widget_type=\"text-editor.default\">\n\t\t\t\t<div class=\"elementor-widget-container\">\n\t\t\t\t\t\t\t\t\t<h2>See what our customers say<\/h2>\t\t\t\t\t\t\t\t<\/div>\n\t\t\t\t<\/div>\n\t\t\t\t<div class=\"elementor-element elementor-element-c96911d elementor-widget elementor-widget-button\" data-id=\"c96911d\" data-element_type=\"widget\" data-e-type=\"widget\" data-widget_type=\"button.default\">\n\t\t\t\t<div class=\"elementor-widget-container\">\n\t\t\t\t\t\t\t\t\t<div class=\"elementor-button-wrapper\">\n\t\t\t\t\t<a class=\"elementor-button elementor-button-link elementor-size-sm\" href=\"#\">\n\t\t\t\t\t\t<span class=\"elementor-button-content-wrapper\">\n\t\t\t\t\t\t\t\t\t<span class=\"elementor-button-text\">Book a meeting and find out what we can do for you<\/span>\n\t\t\t\t\t<\/span>\n\t\t\t\t\t<\/a>\n\t\t\t\t<\/div>\n\t\t\t\t\t\t\t\t<\/div>\n\t\t\t\t<\/div>\n\t\t\t\t\t<\/div>\n\t\t<\/div>\n\t\t\t\t\t<\/div>\n\t\t<\/section>\n\t\t\t\t<section class=\"elementor-section elementor-top-section elementor-element elementor-element-5c5a7bc elementor-section-boxed elementor-section-height-default elementor-section-height-default\" data-id=\"5c5a7bc\" data-element_type=\"section\" data-e-type=\"section\">\n\t\t\t\t\t\t<div class=\"elementor-container elementor-column-gap-default\">\n\t\t\t\t\t<div class=\"elementor-column elementor-col-100 elementor-top-column elementor-element elementor-element-7a3fcb8\" data-id=\"7a3fcb8\" data-element_type=\"column\" data-e-type=\"column\">\n\t\t\t<div class=\"elementor-widget-wrap elementor-element-populated\">\n\t\t\t\t\t\t<div class=\"elementor-element elementor-element-009c106 elementor-widget elementor-widget-text-editor\" data-id=\"009c106\" data-element_type=\"widget\" data-e-type=\"widget\" data-widget_type=\"text-editor.default\">\n\t\t\t\t<div class=\"elementor-widget-container\">\n\t\t\t\t\t\t\t\t\t<h1 style=\"color: #252524; text-align: center;\">References<\/h1>\t\t\t\t\t\t\t\t<\/div>\n\t\t\t\t<\/div>\n\t\t\t\t\t<\/div>\n\t\t<\/div>\n\t\t\t\t\t<\/div>\n\t\t<\/section>\n\t\t\t\t<section class=\"elementor-section elementor-top-section elementor-element elementor-element-66ffb93 elementor-section-boxed elementor-section-height-default elementor-section-height-default\" data-id=\"66ffb93\" data-element_type=\"section\" data-e-type=\"section\">\n\t\t\t\t\t\t<div class=\"elementor-container elementor-column-gap-default\">\n\t\t\t\t\t<div class=\"elementor-column elementor-col-100 elementor-top-column elementor-element elementor-element-30d8bca\" data-id=\"30d8bca\" data-element_type=\"column\" data-e-type=\"column\">\n\t\t\t<div class=\"elementor-widget-wrap elementor-element-populated\">\n\t\t\t\t\t\t<div class=\"elementor-element elementor-element-cdb2319 elementor-widget elementor-widget-text-editor\" data-id=\"cdb2319\" data-element_type=\"widget\" data-e-type=\"widget\" data-widget_type=\"text-editor.default\">\n\t\t\t\t<div class=\"elementor-widget-container\">\n\t\t\t\t\t\t\t\t\t<h1 style=\"color: #252524; text-align: center;\"><span style=\"color: var( --e-global-color-primary ); font-size: 24px;\">We received concrete visit and sales reports<\/span><\/h1><h4>Amesto&#039;s consultants listened to our needs and have created a solution where, after the sales visit, the salesperson defines how many visits the customer must have each year. After a sales visit, SuperOffice automatically creates a new visit according to the annual frequency. This ensures that the sellers always have customer visits in the calendar, and that we do not miss customer visits. The result is that our customers do not feel overlooked, and we save a lot of time on planning and secure earnings.<\/h4><p><span style=\"font-weight: bolder;\"><em>Steen Gr\u00f8nlund, Operations Manager, Henning St\u00e6hr A\/S<\/em><\/span><\/p>\t\t\t\t\t\t\t\t<\/div>\n\t\t\t\t<\/div>\n\t\t\t\t<div class=\"elementor-element elementor-element-60ab951 elementor-widget elementor-widget-text-editor\" data-id=\"60ab951\" data-element_type=\"widget\" data-e-type=\"widget\" data-widget_type=\"text-editor.default\">\n\t\t\t\t<div class=\"elementor-widget-container\">\n\t\t\t\t\t\t\t\t\t<h1 style=\"color: #252524; text-align: center;\"><span style=\"color: var( --e-global-color-primary ); font-size: 24px;\">Everyone always has a full overview of all contracts<\/span><\/h1><h4>Online Signature is very simple to use. It is very fast to both create contracts and send them for signature. In SuperOffice, everyone can see what has been done. If someone is absent, I can simply go in and check the status of the contract: Has the contact been sent? Is it signed? Should it be sent again? It is very practical that everyone has a full overview at all times and knows what is possibly missing.<\/h4><p style=\"font-family: 'Titillium Web', sans-serif; font-size: 18px; font-weight: 400; text-align: start;\"><em><span style=\"font-weight: bolder;\">Tina Ellevold Karlsen, Solberg &amp; Hansen<\/span><\/em><\/p>\t\t\t\t\t\t\t\t<\/div>\n\t\t\t\t<\/div>\n\t\t\t\t<div class=\"elementor-element elementor-element-81d0581 elementor-widget elementor-widget-text-editor\" data-id=\"81d0581\" data-element_type=\"widget\" data-e-type=\"widget\" data-widget_type=\"text-editor.default\">\n\t\t\t\t<div class=\"elementor-widget-container\">\n\t\t\t\t\t\t\t\t\t<h1 style=\"color: #252524; text-align: center;\"><span style=\"color: var( --e-global-color-primary ); font-size: 24px;\">The sellers always have access to updated knowledge<\/span><\/h1><h4>With the Online Dashboard, it has become incredibly easy to extract the desired data from both our ERP system and from SuperOffice and have it displayed as we want in a specially designed dashboard. The sellers have access to the updated knowledge anywhere and at any time via their iPads \u2013 and can also use the documentation as leverage for the dialogue with the customer.<\/h4><p style=\"font-family: 'Titillium Web', sans-serif; font-size: 18px; font-weight: 400; text-align: start;\"><em><span style=\"font-weight: bolder;\">Michael Mannsbro, Sales Director &amp; Country Manager Denmark, Luxaflex<\/span><\/em><\/p>\t\t\t\t\t\t\t\t<\/div>\n\t\t\t\t<\/div>\n\t\t\t\t\t<\/div>\n\t\t<\/div>\n\t\t\t\t\t<\/div>\n\t\t<\/section>\n\t\t\t\t<section class=\"elementor-section elementor-top-section elementor-element elementor-element-0edc88c elementor-section-boxed elementor-section-height-default elementor-section-height-default\" data-id=\"0edc88c\" data-element_type=\"section\" data-e-type=\"section\">\n\t\t\t\t\t\t<div class=\"elementor-container elementor-column-gap-default\">\n\t\t\t\t\t<div class=\"elementor-column elementor-col-100 elementor-top-column elementor-element elementor-element-31eefd7\" data-id=\"31eefd7\" data-element_type=\"column\" data-e-type=\"column\">\n\t\t\t<div class=\"elementor-widget-wrap elementor-element-populated\">\n\t\t\t\t\t\t<div class=\"elementor-element elementor-element-9c154b8 elementor-widget elementor-widget-text-editor\" data-id=\"9c154b8\" data-element_type=\"widget\" data-e-type=\"widget\" data-widget_type=\"text-editor.default\">\n\t\t\t\t<div class=\"elementor-widget-container\">\n\t\t\t\t\t\t\t\t\t<h1 style=\"color: #252524; text-align: center;\"><span style=\"color: var( --e-global-color-text ); font-size: 18px;\">Do you have any questions?<br \/><\/span><\/h1><h3 style=\"text-align: center;\">Have a non-binding meeting and hear more about your benefits of SuperOffice CRM and Beezy365apps<\/h3>\t\t\t\t\t\t\t\t<\/div>\n\t\t\t\t<\/div>\n\t\t\t\t<div class=\"elementor-element elementor-element-17a25b8 elementor-widget elementor-widget-button\" data-id=\"17a25b8\" data-element_type=\"widget\" data-e-type=\"widget\" data-widget_type=\"button.default\">\n\t\t\t\t<div class=\"elementor-widget-container\">\n\t\t\t\t\t\t\t\t\t<div class=\"elementor-button-wrapper\">\n\t\t\t\t\t<a class=\"elementor-button elementor-button-link elementor-size-sm\" href=\"#\">\n\t\t\t\t\t\t<span class=\"elementor-button-content-wrapper\">\n\t\t\t\t\t\t\t\t\t<span class=\"elementor-button-text\">Contact me<\/span>\n\t\t\t\t\t<\/span>\n\t\t\t\t\t<\/a>\n\t\t\t\t<\/div>\n\t\t\t\t\t\t\t\t<\/div>\n\t\t\t\t<\/div>\n\t\t\t\t\t<\/div>\n\t\t<\/div>\n\t\t\t\t\t<\/div>\n\t\t<\/section>\n\t\t\t\t<\/div>","protected":false},"excerpt":{"rendered":"<p>Se, hvad vore kunder siger Book et m\u00f8de og h\u00f8r, hvad vi kan g\u00f8re for dig Referencer Vi fik konkrete bes\u00f8gs- og salgsrapporter Amestos konsulenter lyttede til vores behov og har lavet en l\u00f8sning, hvor s\u00e6lgeren efter salgsbes\u00f8get definerer hvor mange bes\u00f8g kunden skal have hvert \u00e5r. Efter et salgsbes\u00f8g opretter SuperOffice automatisk et nyt [&hellip;]<\/p>\n","protected":false},"author":4,"featured_media":0,"parent":0,"menu_order":0,"comment_status":"closed","ping_status":"closed","template":"","meta":{"iawp_total_views":3,"footnotes":""},"class_list":["post-1992","page","type-page","status-publish","hentry"],"yoast_head":"<!-- This site is optimized with the Yoast SEO plugin v27.5 - https:\/\/yoast.com\/product\/yoast-seo-wordpress\/ -->\n<title>Referencer og kundecases - Beezy365apps<\/title>\n<meta name=\"description\" content=\"Find referencer og kundecases fra Amesto Apps&#039; kunder Henning St\u00e6hr, Solberg &amp; Hansen samt Luxaflex, og l\u00e6s hvorfor de har valgt Amesto Apps. L\u00e6s mere &gt;\" \/>\n<meta name=\"robots\" content=\"index, follow, max-snippet:-1, max-image-preview:large, max-video-preview:-1\" \/>\n<link rel=\"canonical\" href=\"https:\/\/beezy365apps.com\/en\/referencer\/\" \/>\n<meta property=\"og:locale\" content=\"en_GB\" \/>\n<meta property=\"og:type\" content=\"article\" \/>\n<meta property=\"og:title\" content=\"Referencer og kundecases - Beezy365apps\" \/>\n<meta property=\"og:description\" content=\"Find referencer og kundecases fra Amesto Apps&#039; kunder Henning St\u00e6hr, Solberg &amp; Hansen samt Luxaflex, og l\u00e6s hvorfor de har valgt Amesto Apps. L\u00e6s mere &gt;\" \/>\n<meta property=\"og:url\" content=\"https:\/\/beezy365apps.com\/en\/referencer\/\" \/>\n<meta property=\"og:site_name\" content=\"Beezy365apps\" \/>\n<meta property=\"article:modified_time\" content=\"2024-11-10T20:34:49+00:00\" \/>\n<meta property=\"og:image\" content=\"https:\/\/beezy365apps.com.web08.webtohosting.dk\/wp-content\/plugins\/elementor\/assets\/images\/placeholder.png\" \/>\n<meta name=\"twitter:card\" content=\"summary_large_image\" \/>\n<meta name=\"twitter:label1\" content=\"Estimated reading time\" \/>\n\t<meta name=\"twitter:data1\" content=\"2 minutes\" \/>\n<script type=\"application\/ld+json\" class=\"yoast-schema-graph\">{\"@context\":\"https:\\\/\\\/schema.org\",\"@graph\":[{\"@type\":\"WebPage\",\"@id\":\"https:\\\/\\\/beezy365apps.com\\\/referencer\\\/\",\"url\":\"https:\\\/\\\/beezy365apps.com\\\/referencer\\\/\",\"name\":\"Referencer og kundecases - Beezy365apps\",\"isPartOf\":{\"@id\":\"https:\\\/\\\/beezy365apps.com\\\/#website\"},\"primaryImageOfPage\":{\"@id\":\"https:\\\/\\\/beezy365apps.com\\\/referencer\\\/#primaryimage\"},\"image\":{\"@id\":\"https:\\\/\\\/beezy365apps.com\\\/referencer\\\/#primaryimage\"},\"thumbnailUrl\":\"https:\\\/\\\/beezy365apps.com.web08.webtohosting.dk\\\/wp-content\\\/plugins\\\/elementor\\\/assets\\\/images\\\/placeholder.png\",\"datePublished\":\"2019-10-03T17:29:52+00:00\",\"dateModified\":\"2024-11-10T20:34:49+00:00\",\"description\":\"Find referencer og kundecases fra Amesto Apps' kunder Henning St\u00e6hr, Solberg & Hansen samt Luxaflex, og l\u00e6s hvorfor de har valgt Amesto Apps. L\u00e6s mere >\",\"breadcrumb\":{\"@id\":\"https:\\\/\\\/beezy365apps.com\\\/referencer\\\/#breadcrumb\"},\"inLanguage\":\"en-GB\",\"potentialAction\":[{\"@type\":\"ReadAction\",\"target\":[\"https:\\\/\\\/beezy365apps.com\\\/referencer\\\/\"]}]},{\"@type\":\"ImageObject\",\"inLanguage\":\"en-GB\",\"@id\":\"https:\\\/\\\/beezy365apps.com\\\/referencer\\\/#primaryimage\",\"url\":\"https:\\\/\\\/beezy365apps.com.web08.webtohosting.dk\\\/wp-content\\\/plugins\\\/elementor\\\/assets\\\/images\\\/placeholder.png\",\"contentUrl\":\"https:\\\/\\\/beezy365apps.com.web08.webtohosting.dk\\\/wp-content\\\/plugins\\\/elementor\\\/assets\\\/images\\\/placeholder.png\"},{\"@type\":\"BreadcrumbList\",\"@id\":\"https:\\\/\\\/beezy365apps.com\\\/referencer\\\/#breadcrumb\",\"itemListElement\":[{\"@type\":\"ListItem\",\"position\":1,\"name\":\"Hjem\",\"item\":\"https:\\\/\\\/beezy365apps.com\\\/\"},{\"@type\":\"ListItem\",\"position\":2,\"name\":\"Referencer\"}]},{\"@type\":\"WebSite\",\"@id\":\"https:\\\/\\\/beezy365apps.com\\\/#website\",\"url\":\"https:\\\/\\\/beezy365apps.com\\\/\",\"name\":\"Beezy365apps\",\"description\":\"Apps for SuperOffice\",\"publisher\":{\"@id\":\"https:\\\/\\\/beezy365apps.com\\\/#organization\"},\"potentialAction\":[{\"@type\":\"SearchAction\",\"target\":{\"@type\":\"EntryPoint\",\"urlTemplate\":\"https:\\\/\\\/beezy365apps.com\\\/?s={search_term_string}\"},\"query-input\":{\"@type\":\"PropertyValueSpecification\",\"valueRequired\":true,\"valueName\":\"search_term_string\"}}],\"inLanguage\":\"en-GB\"},{\"@type\":\"Organization\",\"@id\":\"https:\\\/\\\/beezy365apps.com\\\/#organization\",\"name\":\"Beezy365apps\",\"url\":\"https:\\\/\\\/beezy365apps.com\\\/\",\"logo\":{\"@type\":\"ImageObject\",\"inLanguage\":\"en-GB\",\"@id\":\"https:\\\/\\\/beezy365apps.com\\\/#\\\/schema\\\/logo\\\/image\\\/\",\"url\":\"https:\\\/\\\/beezy365apps.com\\\/wp-content\\\/uploads\\\/2023\\\/02\\\/Beezy365-apps-logo.png\",\"contentUrl\":\"https:\\\/\\\/beezy365apps.com\\\/wp-content\\\/uploads\\\/2023\\\/02\\\/Beezy365-apps-logo.png\",\"width\":300,\"height\":52,\"caption\":\"Beezy365apps\"},\"image\":{\"@id\":\"https:\\\/\\\/beezy365apps.com\\\/#\\\/schema\\\/logo\\\/image\\\/\"}}]}<\/script>\n<!-- \/ Yoast SEO plugin. -->","yoast_head_json":{"title":"Referencer og kundecases - Beezy365apps","description":"Find referencer og kundecases fra Amesto Apps' kunder Henning St\u00e6hr, Solberg & Hansen samt Luxaflex, og l\u00e6s hvorfor de har valgt Amesto Apps. L\u00e6s mere >","robots":{"index":"index","follow":"follow","max-snippet":"max-snippet:-1","max-image-preview":"max-image-preview:large","max-video-preview":"max-video-preview:-1"},"canonical":"https:\/\/beezy365apps.com\/en\/referencer\/","og_locale":"en_GB","og_type":"article","og_title":"Referencer og kundecases - Beezy365apps","og_description":"Find referencer og kundecases fra Amesto Apps' kunder Henning St\u00e6hr, Solberg & Hansen samt Luxaflex, og l\u00e6s hvorfor de har valgt Amesto Apps. L\u00e6s mere >","og_url":"https:\/\/beezy365apps.com\/en\/referencer\/","og_site_name":"Beezy365apps","article_modified_time":"2024-11-10T20:34:49+00:00","og_image":[{"url":"https:\/\/beezy365apps.com.web08.webtohosting.dk\/wp-content\/plugins\/elementor\/assets\/images\/placeholder.png","type":"","width":"","height":""}],"twitter_card":"summary_large_image","twitter_misc":{"Estimated reading time":"2 minutes"},"schema":{"@context":"https:\/\/schema.org","@graph":[{"@type":"WebPage","@id":"https:\/\/beezy365apps.com\/referencer\/","url":"https:\/\/beezy365apps.com\/referencer\/","name":"Referencer og kundecases - Beezy365apps","isPartOf":{"@id":"https:\/\/beezy365apps.com\/#website"},"primaryImageOfPage":{"@id":"https:\/\/beezy365apps.com\/referencer\/#primaryimage"},"image":{"@id":"https:\/\/beezy365apps.com\/referencer\/#primaryimage"},"thumbnailUrl":"https:\/\/beezy365apps.com.web08.webtohosting.dk\/wp-content\/plugins\/elementor\/assets\/images\/placeholder.png","datePublished":"2019-10-03T17:29:52+00:00","dateModified":"2024-11-10T20:34:49+00:00","description":"Find referencer og kundecases fra Amesto Apps' kunder Henning St\u00e6hr, Solberg & Hansen samt Luxaflex, og l\u00e6s hvorfor de har valgt Amesto Apps. L\u00e6s mere >","breadcrumb":{"@id":"https:\/\/beezy365apps.com\/referencer\/#breadcrumb"},"inLanguage":"en-GB","potentialAction":[{"@type":"ReadAction","target":["https:\/\/beezy365apps.com\/referencer\/"]}]},{"@type":"ImageObject","inLanguage":"en-GB","@id":"https:\/\/beezy365apps.com\/referencer\/#primaryimage","url":"https:\/\/beezy365apps.com.web08.webtohosting.dk\/wp-content\/plugins\/elementor\/assets\/images\/placeholder.png","contentUrl":"https:\/\/beezy365apps.com.web08.webtohosting.dk\/wp-content\/plugins\/elementor\/assets\/images\/placeholder.png"},{"@type":"BreadcrumbList","@id":"https:\/\/beezy365apps.com\/referencer\/#breadcrumb","itemListElement":[{"@type":"ListItem","position":1,"name":"Hjem","item":"https:\/\/beezy365apps.com\/"},{"@type":"ListItem","position":2,"name":"Referencer"}]},{"@type":"WebSite","@id":"https:\/\/beezy365apps.com\/#website","url":"https:\/\/beezy365apps.com\/","name":"Beezy365apps","description":"Apps for SuperOffice","publisher":{"@id":"https:\/\/beezy365apps.com\/#organization"},"potentialAction":[{"@type":"SearchAction","target":{"@type":"EntryPoint","urlTemplate":"https:\/\/beezy365apps.com\/?s={search_term_string}"},"query-input":{"@type":"PropertyValueSpecification","valueRequired":true,"valueName":"search_term_string"}}],"inLanguage":"en-GB"},{"@type":"Organization","@id":"https:\/\/beezy365apps.com\/#organization","name":"Beezy365apps","url":"https:\/\/beezy365apps.com\/","logo":{"@type":"ImageObject","inLanguage":"en-GB","@id":"https:\/\/beezy365apps.com\/#\/schema\/logo\/image\/","url":"https:\/\/beezy365apps.com\/wp-content\/uploads\/2023\/02\/Beezy365-apps-logo.png","contentUrl":"https:\/\/beezy365apps.com\/wp-content\/uploads\/2023\/02\/Beezy365-apps-logo.png","width":300,"height":52,"caption":"Beezy365apps"},"image":{"@id":"https:\/\/beezy365apps.com\/#\/schema\/logo\/image\/"}}]}},"_links":{"self":[{"href":"https:\/\/beezy365apps.com\/en\/wp-json\/wp\/v2\/pages\/1992","targetHints":{"allow":["GET"]}}],"collection":[{"href":"https:\/\/beezy365apps.com\/en\/wp-json\/wp\/v2\/pages"}],"about":[{"href":"https:\/\/beezy365apps.com\/en\/wp-json\/wp\/v2\/types\/page"}],"author":[{"embeddable":true,"href":"https:\/\/beezy365apps.com\/en\/wp-json\/wp\/v2\/users\/4"}],"replies":[{"embeddable":true,"href":"https:\/\/beezy365apps.com\/en\/wp-json\/wp\/v2\/comments?post=1992"}],"version-history":[{"count":3,"href":"https:\/\/beezy365apps.com\/en\/wp-json\/wp\/v2\/pages\/1992\/revisions"}],"predecessor-version":[{"id":6520,"href":"https:\/\/beezy365apps.com\/en\/wp-json\/wp\/v2\/pages\/1992\/revisions\/6520"}],"wp:attachment":[{"href":"https:\/\/beezy365apps.com\/en\/wp-json\/wp\/v2\/media?parent=1992"}],"curies":[{"name":"wp","href":"https:\/\/api.w.org\/{rel}","templated":true}]}}