{"id":2968,"date":"2019-11-20T10:16:12","date_gmt":"2019-11-20T08:16:12","guid":{"rendered":"http:\/\/amestoapps.mediestorm.dk\/?page_id=2968"},"modified":"2024-11-20T13:05:26","modified_gmt":"2024-11-20T12:05:26","slug":"erp-integration","status":"publish","type":"page","link":"https:\/\/beezy365apps.com\/en\/erp-integration\/","title":{"rendered":"ERP Integration"},"content":{"rendered":"<div data-elementor-type=\"wp-page\" data-elementor-id=\"2968\" class=\"elementor elementor-2968\" data-elementor-post-type=\"page\">\n\t\t\t\t\t\t<section class=\"elementor-section elementor-top-section elementor-element elementor-element-e2ab273 elementor-section-boxed elementor-section-height-default elementor-section-height-default\" data-id=\"e2ab273\" data-element_type=\"section\" data-e-type=\"section\">\n\t\t\t\t\t\t<div class=\"elementor-container elementor-column-gap-default\">\n\t\t\t\t\t<div class=\"elementor-column elementor-col-100 elementor-top-column elementor-element elementor-element-818e402\" data-id=\"818e402\" data-element_type=\"column\" data-e-type=\"column\">\n\t\t\t<div class=\"elementor-widget-wrap elementor-element-populated\">\n\t\t\t\t\t\t<section class=\"elementor-section elementor-inner-section elementor-element elementor-element-234bfc8 elementor-section-boxed elementor-section-height-default elementor-section-height-default\" data-id=\"234bfc8\" data-element_type=\"section\" data-e-type=\"section\" data-settings=\"{&quot;background_background&quot;:&quot;classic&quot;}\">\n\t\t\t\t\t\t<div class=\"elementor-container elementor-column-gap-default\">\n\t\t\t\t\t<div class=\"elementor-column elementor-col-50 elementor-inner-column elementor-element elementor-element-df72b0f\" data-id=\"df72b0f\" data-element_type=\"column\" data-e-type=\"column\" data-settings=\"{&quot;background_background&quot;:&quot;classic&quot;}\">\n\t\t\t<div class=\"elementor-widget-wrap elementor-element-populated\">\n\t\t\t\t\t\t<div class=\"elementor-element elementor-element-4f2f076 elementor-widget elementor-widget-spacer\" data-id=\"4f2f076\" data-element_type=\"widget\" data-e-type=\"widget\" data-widget_type=\"spacer.default\">\n\t\t\t\t<div class=\"elementor-widget-container\">\n\t\t\t\t\t\t\t<div class=\"elementor-spacer\">\n\t\t\t<div class=\"elementor-spacer-inner\"><\/div>\n\t\t<\/div>\n\t\t\t\t\t\t<\/div>\n\t\t\t\t<\/div>\n\t\t\t\t\t<\/div>\n\t\t<\/div>\n\t\t\t\t<div class=\"elementor-column elementor-col-50 elementor-inner-column elementor-element elementor-element-3df79f5\" data-id=\"3df79f5\" data-element_type=\"column\" data-e-type=\"column\">\n\t\t\t<div class=\"elementor-widget-wrap elementor-element-populated\">\n\t\t\t\t\t\t<div class=\"elementor-element elementor-element-ad4dede elementor-widget elementor-widget-text-editor\" data-id=\"ad4dede\" data-element_type=\"widget\" data-e-type=\"widget\" data-widget_type=\"text-editor.default\">\n\t\t\t\t<div class=\"elementor-widget-container\">\n\t\t\t\t\t\t\t\t\t<p><span style=\"color: var( --e-global-color-text );\"><span style=\"font-weight: bold; font-family: 'Biome Bold', sans-serif;\">Predefined integration packages for easy installation<\/span><\/span><\/p><h1 style=\"color: #252524;\">ERP Integration<\/h1><p>Get the full overview in an easy way, with a predefined package for integration between SuperOffice and your financial system.<\/p>\t\t\t\t\t\t\t\t<\/div>\n\t\t\t\t<\/div>\n\t\t\t\t<div class=\"elementor-element elementor-element-edecbb8 elementor-widget elementor-widget-button\" data-id=\"edecbb8\" data-element_type=\"widget\" data-e-type=\"widget\" data-widget_type=\"button.default\">\n\t\t\t\t<div class=\"elementor-widget-container\">\n\t\t\t\t\t\t\t\t\t<div class=\"elementor-button-wrapper\">\n\t\t\t\t\t<a class=\"elementor-button elementor-button-link elementor-size-sm\" href=\"https:\/\/beezy365apps.com\/en\/kontakt\/\">\n\t\t\t\t\t\t<span class=\"elementor-button-content-wrapper\">\n\t\t\t\t\t\t\t\t\t<span class=\"elementor-button-text\">Contact us for further information<\/span>\n\t\t\t\t\t<\/span>\n\t\t\t\t\t<\/a>\n\t\t\t\t<\/div>\n\t\t\t\t\t\t\t\t<\/div>\n\t\t\t\t<\/div>\n\t\t\t\t\t<\/div>\n\t\t<\/div>\n\t\t\t\t\t<\/div>\n\t\t<\/section>\n\t\t\t\t\t<\/div>\n\t\t<\/div>\n\t\t\t\t\t<\/div>\n\t\t<\/section>\n\t\t\t\t<section class=\"elementor-section elementor-top-section elementor-element elementor-element-7d03a27 elementor-section-boxed elementor-section-height-default elementor-section-height-default\" data-id=\"7d03a27\" data-element_type=\"section\" data-e-type=\"section\">\n\t\t\t\t\t\t<div class=\"elementor-container elementor-column-gap-default\">\n\t\t\t\t\t<div class=\"elementor-column elementor-col-50 elementor-top-column elementor-element elementor-element-b6b4bfd\" data-id=\"b6b4bfd\" data-element_type=\"column\" data-e-type=\"column\">\n\t\t\t<div class=\"elementor-widget-wrap elementor-element-populated\">\n\t\t\t\t\t\t<div class=\"elementor-element elementor-element-1c6dcc8 elementor-widget elementor-widget-text-editor\" data-id=\"1c6dcc8\" data-element_type=\"widget\" data-e-type=\"widget\" data-widget_type=\"text-editor.default\">\n\t\t\t\t<div class=\"elementor-widget-container\">\n\t\t\t\t\t\t\t\t\t<h2>Customize SuperOffice with a complete integration package<\/h2><p>Get the full overview in SuperOffice CRM Online. Retrieve important data from other business systems and display them on tabs in SuperOffice or support the most important processes in the company with additional tabs and functions.<\/p><p>ERP-Integration is a pre-defined package, consisting of DataSync and EDS for Microsoft Dynamics AX, NAV or Visma Business. The ERP integration package provides a simple and automatic synchronization of address information, key figures, KPIs and invoice information from your financial system to SuperOffice Sales &amp; Marketing.<\/p><p>The solution consists of a complete package with 1-way synchronization from your financial system to SuperOffice, and allows without additional license to add tabs with data, design, logic and workflows according to internal needs. Read more about the options under the product\u00a0<a href=\"https:\/\/beezy365apps.com\/en\/eds-online\/\"><span style=\"text-decoration-line: underline;\"><span style=\"font-weight: bolder;\">Expand Design Suite (EDS).<\/span><\/span><\/a><\/p><h3>Options<\/h3><p>2-way sync and a number of advanced sync features are available as described under the product\u00a0<span style=\"text-decoration-line: underline;\"><span style=\"font-weight: bolder;\"><a href=\"https:\/\/beezy365apps.com\/en\/data-sync\/\">DataSync<\/a><\/span><\/span>.<\/p>\t\t\t\t\t\t\t\t<\/div>\n\t\t\t\t<\/div>\n\t\t\t\t\t<\/div>\n\t\t<\/div>\n\t\t\t\t<div class=\"elementor-column elementor-col-50 elementor-top-column elementor-element elementor-element-86f3e96\" data-id=\"86f3e96\" data-element_type=\"column\" data-e-type=\"column\">\n\t\t\t<div class=\"elementor-widget-wrap elementor-element-populated\">\n\t\t\t\t\t\t<div class=\"elementor-element elementor-element-66a8e00 elementor-widget elementor-widget-image\" data-id=\"66a8e00\" data-element_type=\"widget\" data-e-type=\"widget\" data-widget_type=\"image.default\">\n\t\t\t\t<div class=\"elementor-widget-container\">\n\t\t\t\t\t\t\t\t\t\t\t\t\t\t\t<img fetchpriority=\"high\" decoding=\"async\" width=\"800\" height=\"480\" src=\"https:\/\/beezy365apps.com\/wp-content\/uploads\/2019\/11\/EDS1.png\" class=\"attachment-large size-large wp-image-3011\" alt=\"Ekspander Design Suite (EDS)\" srcset=\"https:\/\/beezy365apps.com\/wp-content\/uploads\/2019\/11\/EDS1.png 996w, https:\/\/beezy365apps.com\/wp-content\/uploads\/2019\/11\/EDS1-300x180.png 300w, https:\/\/beezy365apps.com\/wp-content\/uploads\/2019\/11\/EDS1-768x460.png 768w\" sizes=\"(max-width: 800px) 100vw, 800px\" \/>\t\t\t\t\t\t\t\t\t\t\t\t\t\t\t<\/div>\n\t\t\t\t<\/div>\n\t\t\t\t\t<\/div>\n\t\t<\/div>\n\t\t\t\t\t<\/div>\n\t\t<\/section>\n\t\t\t\t<section class=\"elementor-section elementor-top-section elementor-element elementor-element-5a70c69 elementor-section-boxed elementor-section-height-default elementor-section-height-default\" data-id=\"5a70c69\" data-element_type=\"section\" data-e-type=\"section\" data-settings=\"{&quot;background_background&quot;:&quot;classic&quot;}\">\n\t\t\t\t\t\t<div class=\"elementor-container elementor-column-gap-default\">\n\t\t\t\t\t<div class=\"elementor-column elementor-col-100 elementor-top-column elementor-element elementor-element-ebb56cf\" data-id=\"ebb56cf\" data-element_type=\"column\" data-e-type=\"column\">\n\t\t\t<div class=\"elementor-widget-wrap elementor-element-populated\">\n\t\t\t\t\t\t<section class=\"elementor-section elementor-inner-section elementor-element elementor-element-d09286c elementor-section-boxed elementor-section-height-default elementor-section-height-default\" data-id=\"d09286c\" data-element_type=\"section\" data-e-type=\"section\">\n\t\t\t\t\t\t<div class=\"elementor-container elementor-column-gap-default\">\n\t\t\t\t\t<div class=\"elementor-column elementor-col-50 elementor-inner-column elementor-element elementor-element-09b1206\" data-id=\"09b1206\" data-element_type=\"column\" data-e-type=\"column\">\n\t\t\t<div class=\"elementor-widget-wrap elementor-element-populated\">\n\t\t\t\t\t\t<div class=\"elementor-element elementor-element-e2dfd74 elementor-widget elementor-widget-heading\" data-id=\"e2dfd74\" data-element_type=\"widget\" data-e-type=\"widget\" data-widget_type=\"heading.default\">\n\t\t\t\t<div class=\"elementor-widget-container\">\n\t\t\t\t\t<h2 class=\"elementor-heading-title elementor-size-default\">Benefits<\/h2>\t\t\t\t<\/div>\n\t\t\t\t<\/div>\n\t\t\t\t<div class=\"elementor-element elementor-element-b73f75a elementor-widget elementor-widget-text-editor\" data-id=\"b73f75a\" data-element_type=\"widget\" data-e-type=\"widget\" data-widget_type=\"text-editor.default\">\n\t\t\t\t<div class=\"elementor-widget-container\">\n\t\t\t\t\t\t\t\t\t<p>A complete overview of the customer relationship in one system<\/p><ul><li>Higher data quality \u2013 avoid duplicates<\/li><li>Save licenses for the financial system<\/li><li>All data for reporting can be found in SuperOffice, e.g. actual sales, pipeline, activity level<\/li><li>Optimize daily workflows \u2013 better efficiency and fewer errors<\/li><li>Save time and money<\/li><li>Standard module = not dependent on developer<\/li><\/ul>\t\t\t\t\t\t\t\t<\/div>\n\t\t\t\t<\/div>\n\t\t\t\t<div class=\"elementor-element elementor-element-805340b elementor-widget elementor-widget-heading\" data-id=\"805340b\" data-element_type=\"widget\" data-e-type=\"widget\" data-widget_type=\"heading.default\">\n\t\t\t\t<div class=\"elementor-widget-container\">\n\t\t\t\t\t<h2 class=\"elementor-heading-title elementor-size-default\">Key features<\/h2>\t\t\t\t<\/div>\n\t\t\t\t<\/div>\n\t\t\t\t<div class=\"elementor-element elementor-element-9d80a77 elementor-widget elementor-widget-text-editor\" data-id=\"9d80a77\" data-element_type=\"widget\" data-e-type=\"widget\" data-widget_type=\"text-editor.default\">\n\t\t\t\t<div class=\"elementor-widget-container\">\n\t\t\t\t\t\t\t\t\t<ul><li>Predefined for a specific account system<\/li><li>Finished design<\/li><li>Make dynamic selections in SuperOffice based on account system criteria<\/li><li>Create extra tabs, design, logic and workflows in SuperOffice with<\/li><li>SuperOffice \u201clook and feel\u201d<\/li><li>ERP integration packages support SuperOffice Windows and Web (not SuperOffice CRM Online)<\/li><\/ul>\t\t\t\t\t\t\t\t<\/div>\n\t\t\t\t<\/div>\n\t\t\t\t<div class=\"elementor-element elementor-element-2cd60e0 elementor-widget elementor-widget-button\" data-id=\"2cd60e0\" data-element_type=\"widget\" data-e-type=\"widget\" data-widget_type=\"button.default\">\n\t\t\t\t<div class=\"elementor-widget-container\">\n\t\t\t\t\t\t\t\t\t<div class=\"elementor-button-wrapper\">\n\t\t\t\t\t<a class=\"elementor-button elementor-button-link elementor-size-sm\" href=\"https:\/\/beezy365apps.com\/en\/kontakt\/\">\n\t\t\t\t\t\t<span class=\"elementor-button-content-wrapper\">\n\t\t\t\t\t\t\t\t\t<span class=\"elementor-button-text\">Contact<\/span>\n\t\t\t\t\t<\/span>\n\t\t\t\t\t<\/a>\n\t\t\t\t<\/div>\n\t\t\t\t\t\t\t\t<\/div>\n\t\t\t\t<\/div>\n\t\t\t\t\t<\/div>\n\t\t<\/div>\n\t\t\t\t<div class=\"elementor-column elementor-col-50 elementor-inner-column elementor-element elementor-element-f473e77\" data-id=\"f473e77\" data-element_type=\"column\" data-e-type=\"column\">\n\t\t\t<div class=\"elementor-widget-wrap elementor-element-populated\">\n\t\t\t\t\t\t<div class=\"elementor-element elementor-element-6915be7 elementor-widget elementor-widget-image\" data-id=\"6915be7\" data-element_type=\"widget\" data-e-type=\"widget\" data-widget_type=\"image.default\">\n\t\t\t\t<div class=\"elementor-widget-container\">\n\t\t\t\t\t\t\t\t\t\t\t\t\t\t\t<img decoding=\"async\" width=\"800\" height=\"872\" src=\"https:\/\/beezy365apps.com\/wp-content\/uploads\/2024\/11\/beezy365apps-1100-x-1200-px-1-939x1024.jpg\" class=\"attachment-large size-large wp-image-6727\" alt=\"\" srcset=\"https:\/\/beezy365apps.com\/wp-content\/uploads\/2024\/11\/beezy365apps-1100-x-1200-px-1-939x1024.jpg 939w, https:\/\/beezy365apps.com\/wp-content\/uploads\/2024\/11\/beezy365apps-1100-x-1200-px-1-275x300.jpg 275w, https:\/\/beezy365apps.com\/wp-content\/uploads\/2024\/11\/beezy365apps-1100-x-1200-px-1-768x838.jpg 768w, https:\/\/beezy365apps.com\/wp-content\/uploads\/2024\/11\/beezy365apps-1100-x-1200-px-1-11x12.jpg 11w, https:\/\/beezy365apps.com\/wp-content\/uploads\/2024\/11\/beezy365apps-1100-x-1200-px-1.jpg 1100w\" sizes=\"(max-width: 800px) 100vw, 800px\" \/>\t\t\t\t\t\t\t\t\t\t\t\t\t\t\t<\/div>\n\t\t\t\t<\/div>\n\t\t\t\t\t<\/div>\n\t\t<\/div>\n\t\t\t\t\t<\/div>\n\t\t<\/section>\n\t\t\t\t\t<\/div>\n\t\t<\/div>\n\t\t\t\t\t<\/div>\n\t\t<\/section>\n\t\t\t\t<section class=\"elementor-section elementor-top-section elementor-element elementor-element-a63cbac elementor-section-height-min-height elementor-section-boxed elementor-section-height-default elementor-section-items-middle\" data-id=\"a63cbac\" data-element_type=\"section\" data-e-type=\"section\" data-settings=\"{&quot;background_background&quot;:&quot;classic&quot;}\">\n\t\t\t\t\t\t\t<div class=\"elementor-background-overlay\"><\/div>\n\t\t\t\t\t\t\t<div class=\"elementor-container elementor-column-gap-default\">\n\t\t\t\t\t<div class=\"elementor-column elementor-col-50 elementor-top-column elementor-element elementor-element-e6917a1\" data-id=\"e6917a1\" data-element_type=\"column\" data-e-type=\"column\">\n\t\t\t<div class=\"elementor-widget-wrap elementor-element-populated\">\n\t\t\t\t\t\t<div class=\"elementor-element elementor-element-465cdc0 elementor-widget elementor-widget-spacer\" data-id=\"465cdc0\" data-element_type=\"widget\" data-e-type=\"widget\" data-widget_type=\"spacer.default\">\n\t\t\t\t<div class=\"elementor-widget-container\">\n\t\t\t\t\t\t\t<div class=\"elementor-spacer\">\n\t\t\t<div class=\"elementor-spacer-inner\"><\/div>\n\t\t<\/div>\n\t\t\t\t\t\t<\/div>\n\t\t\t\t<\/div>\n\t\t\t\t\t<\/div>\n\t\t<\/div>\n\t\t\t\t<div class=\"elementor-column elementor-col-50 elementor-top-column elementor-element elementor-element-a78ec20\" data-id=\"a78ec20\" data-element_type=\"column\" data-e-type=\"column\" data-settings=\"{&quot;background_background&quot;:&quot;classic&quot;}\">\n\t\t\t<div class=\"elementor-widget-wrap elementor-element-populated\">\n\t\t\t\t\t\t<div class=\"elementor-element elementor-element-bd714eb elementor-widget elementor-widget-heading\" data-id=\"bd714eb\" data-element_type=\"widget\" data-e-type=\"widget\" data-widget_type=\"heading.default\">\n\t\t\t\t<div class=\"elementor-widget-container\">\n\t\t\t\t\t<p class=\"elementor-heading-title elementor-size-default\">Non-binding demo<\/p>\t\t\t\t<\/div>\n\t\t\t\t<\/div>\n\t\t\t\t<div class=\"elementor-element elementor-element-e0cb45f elementor-widget elementor-widget-text-editor\" data-id=\"e0cb45f\" data-element_type=\"widget\" data-e-type=\"widget\" data-widget_type=\"text-editor.default\">\n\t\t\t\t<div class=\"elementor-widget-container\">\n\t\t\t\t\t\t\t\t\t<p>If you have any questions, we are ready to help you. Write to sales@beezy365apps.com<\/p>\t\t\t\t\t\t\t\t<\/div>\n\t\t\t\t<\/div>\n\t\t\t\t<div class=\"elementor-element elementor-element-e3e3037 elementor-widget elementor-widget-button\" data-id=\"e3e3037\" data-element_type=\"widget\" data-e-type=\"widget\" data-widget_type=\"button.default\">\n\t\t\t\t<div class=\"elementor-widget-container\">\n\t\t\t\t\t\t\t\t\t<div class=\"elementor-button-wrapper\">\n\t\t\t\t\t<a class=\"elementor-button elementor-button-link elementor-size-sm\" href=\"https:\/\/beezy365apps.com\/en\/book-en-aftale\/\">\n\t\t\t\t\t\t<span class=\"elementor-button-content-wrapper\">\n\t\t\t\t\t\t\t\t\t<span class=\"elementor-button-text\">Book a meeting<\/span>\n\t\t\t\t\t<\/span>\n\t\t\t\t\t<\/a>\n\t\t\t\t<\/div>\n\t\t\t\t\t\t\t\t<\/div>\n\t\t\t\t<\/div>\n\t\t\t\t\t<\/div>\n\t\t<\/div>\n\t\t\t\t\t<\/div>\n\t\t<\/section>\n\t\t\t\t<\/div>","protected":false},"excerpt":{"rendered":"<p>Foruddefinerede integrationspakker for nem installation ERP Integration F\u00e5 det fulde overblik p\u00e5 en nem m\u00e5de, med en foruddefineret pakke til integration mellem SuperOffice og dit \u00f8konomisystem. Kontakt os for yderligere information Skr\u00e6ddersy SuperOffice med en f\u00e6rdig integrationspakke F\u00e5 det fulde overblik i SuperOffice CRM Online. Hent vigtige data fra andre forretningssystemer og vis dem p\u00e5 [&hellip;]<\/p>\n","protected":false},"author":4,"featured_media":0,"parent":0,"menu_order":0,"comment_status":"closed","ping_status":"closed","template":"","meta":{"iawp_total_views":115,"footnotes":""},"class_list":["post-2968","page","type-page","status-publish","hentry"],"yoast_head":"<!-- This site is optimized with the Yoast SEO plugin v27.5 - https:\/\/yoast.com\/product\/yoast-seo-wordpress\/ -->\n<title>ERP Integration \u2013 Foruddefinerede integrationspakker | Amesto Apps<\/title>\n<meta name=\"description\" content=\"F\u00e5 det fulde overblik p\u00e5 en nem m\u00e5de, med en foruddefineret pakke til integration mellem SuperOffice og dit \u00f8konomisystem. L\u00e6s mere om ERP Integration &gt;\" \/>\n<meta name=\"robots\" content=\"index, follow, max-snippet:-1, max-image-preview:large, max-video-preview:-1\" \/>\n<link rel=\"canonical\" href=\"https:\/\/beezy365apps.com\/en\/erp-integration\/\" \/>\n<meta property=\"og:locale\" content=\"en_GB\" \/>\n<meta property=\"og:type\" content=\"article\" \/>\n<meta property=\"og:title\" content=\"ERP Integration \u2013 Foruddefinerede integrationspakker | Amesto Apps\" \/>\n<meta property=\"og:description\" content=\"F\u00e5 det fulde overblik p\u00e5 en nem m\u00e5de, med en foruddefineret pakke til integration mellem SuperOffice og dit \u00f8konomisystem. L\u00e6s mere om ERP Integration &gt;\" \/>\n<meta property=\"og:url\" content=\"https:\/\/beezy365apps.com\/en\/erp-integration\/\" \/>\n<meta property=\"og:site_name\" content=\"Beezy365apps\" \/>\n<meta property=\"article:modified_time\" content=\"2024-11-20T12:05:26+00:00\" \/>\n<meta property=\"og:image\" content=\"https:\/\/beezy365apps.com.web08.webtohosting.dk\/wp-content\/uploads\/2019\/11\/EDS1.png\" \/>\n<meta name=\"twitter:card\" content=\"summary_large_image\" \/>\n<meta name=\"twitter:label1\" content=\"Estimated reading time\" \/>\n\t<meta name=\"twitter:data1\" content=\"1 minute\" \/>\n<script type=\"application\/ld+json\" class=\"yoast-schema-graph\">{\"@context\":\"https:\\\/\\\/schema.org\",\"@graph\":[{\"@type\":\"WebPage\",\"@id\":\"https:\\\/\\\/beezy365apps.com\\\/erp-integration\\\/\",\"url\":\"https:\\\/\\\/beezy365apps.com\\\/erp-integration\\\/\",\"name\":\"ERP Integration \u2013 Foruddefinerede integrationspakker | Amesto Apps\",\"isPartOf\":{\"@id\":\"https:\\\/\\\/beezy365apps.com\\\/#website\"},\"primaryImageOfPage\":{\"@id\":\"https:\\\/\\\/beezy365apps.com\\\/erp-integration\\\/#primaryimage\"},\"image\":{\"@id\":\"https:\\\/\\\/beezy365apps.com\\\/erp-integration\\\/#primaryimage\"},\"thumbnailUrl\":\"https:\\\/\\\/beezy365apps.com.web08.webtohosting.dk\\\/wp-content\\\/uploads\\\/2019\\\/11\\\/EDS1.png\",\"datePublished\":\"2019-11-20T08:16:12+00:00\",\"dateModified\":\"2024-11-20T12:05:26+00:00\",\"description\":\"F\u00e5 det fulde overblik p\u00e5 en nem m\u00e5de, med en foruddefineret pakke til integration mellem SuperOffice og dit \u00f8konomisystem. L\u00e6s mere om ERP Integration >\",\"breadcrumb\":{\"@id\":\"https:\\\/\\\/beezy365apps.com\\\/erp-integration\\\/#breadcrumb\"},\"inLanguage\":\"en-GB\",\"potentialAction\":[{\"@type\":\"ReadAction\",\"target\":[\"https:\\\/\\\/beezy365apps.com\\\/erp-integration\\\/\"]}]},{\"@type\":\"ImageObject\",\"inLanguage\":\"en-GB\",\"@id\":\"https:\\\/\\\/beezy365apps.com\\\/erp-integration\\\/#primaryimage\",\"url\":\"https:\\\/\\\/beezy365apps.com.web08.webtohosting.dk\\\/wp-content\\\/uploads\\\/2019\\\/11\\\/EDS1.png\",\"contentUrl\":\"https:\\\/\\\/beezy365apps.com.web08.webtohosting.dk\\\/wp-content\\\/uploads\\\/2019\\\/11\\\/EDS1.png\"},{\"@type\":\"BreadcrumbList\",\"@id\":\"https:\\\/\\\/beezy365apps.com\\\/erp-integration\\\/#breadcrumb\",\"itemListElement\":[{\"@type\":\"ListItem\",\"position\":1,\"name\":\"Hjem\",\"item\":\"https:\\\/\\\/beezy365apps.com\\\/\"},{\"@type\":\"ListItem\",\"position\":2,\"name\":\"ERP Integration\"}]},{\"@type\":\"WebSite\",\"@id\":\"https:\\\/\\\/beezy365apps.com\\\/#website\",\"url\":\"https:\\\/\\\/beezy365apps.com\\\/\",\"name\":\"Beezy365apps\",\"description\":\"Apps for SuperOffice\",\"publisher\":{\"@id\":\"https:\\\/\\\/beezy365apps.com\\\/#organization\"},\"potentialAction\":[{\"@type\":\"SearchAction\",\"target\":{\"@type\":\"EntryPoint\",\"urlTemplate\":\"https:\\\/\\\/beezy365apps.com\\\/?s={search_term_string}\"},\"query-input\":{\"@type\":\"PropertyValueSpecification\",\"valueRequired\":true,\"valueName\":\"search_term_string\"}}],\"inLanguage\":\"en-GB\"},{\"@type\":\"Organization\",\"@id\":\"https:\\\/\\\/beezy365apps.com\\\/#organization\",\"name\":\"Beezy365apps\",\"url\":\"https:\\\/\\\/beezy365apps.com\\\/\",\"logo\":{\"@type\":\"ImageObject\",\"inLanguage\":\"en-GB\",\"@id\":\"https:\\\/\\\/beezy365apps.com\\\/#\\\/schema\\\/logo\\\/image\\\/\",\"url\":\"https:\\\/\\\/beezy365apps.com\\\/wp-content\\\/uploads\\\/2023\\\/02\\\/Beezy365-apps-logo.png\",\"contentUrl\":\"https:\\\/\\\/beezy365apps.com\\\/wp-content\\\/uploads\\\/2023\\\/02\\\/Beezy365-apps-logo.png\",\"width\":300,\"height\":52,\"caption\":\"Beezy365apps\"},\"image\":{\"@id\":\"https:\\\/\\\/beezy365apps.com\\\/#\\\/schema\\\/logo\\\/image\\\/\"}}]}<\/script>\n<!-- \/ Yoast SEO plugin. -->","yoast_head_json":{"title":"ERP Integration \u2013 Predefined Integration Packages | Amesto Apps","description":"Get the full overview in an easy way, with a predefined package for integration between SuperOffice and your financial system. Read more about ERP Integration &gt;","robots":{"index":"index","follow":"follow","max-snippet":"max-snippet:-1","max-image-preview":"max-image-preview:large","max-video-preview":"max-video-preview:-1"},"canonical":"https:\/\/beezy365apps.com\/en\/erp-integration\/","og_locale":"en_GB","og_type":"article","og_title":"ERP Integration \u2013 Foruddefinerede integrationspakker | Amesto Apps","og_description":"F\u00e5 det fulde overblik p\u00e5 en nem m\u00e5de, med en foruddefineret pakke til integration mellem SuperOffice og dit \u00f8konomisystem. L\u00e6s mere om ERP Integration >","og_url":"https:\/\/beezy365apps.com\/en\/erp-integration\/","og_site_name":"Beezy365apps","article_modified_time":"2024-11-20T12:05:26+00:00","og_image":[{"url":"https:\/\/beezy365apps.com.web08.webtohosting.dk\/wp-content\/uploads\/2019\/11\/EDS1.png","type":"","width":"","height":""}],"twitter_card":"summary_large_image","twitter_misc":{"Estimated reading time":"1 minute"},"schema":{"@context":"https:\/\/schema.org","@graph":[{"@type":"WebPage","@id":"https:\/\/beezy365apps.com\/erp-integration\/","url":"https:\/\/beezy365apps.com\/erp-integration\/","name":"ERP Integration \u2013 Predefined Integration Packages | Amesto Apps","isPartOf":{"@id":"https:\/\/beezy365apps.com\/#website"},"primaryImageOfPage":{"@id":"https:\/\/beezy365apps.com\/erp-integration\/#primaryimage"},"image":{"@id":"https:\/\/beezy365apps.com\/erp-integration\/#primaryimage"},"thumbnailUrl":"https:\/\/beezy365apps.com.web08.webtohosting.dk\/wp-content\/uploads\/2019\/11\/EDS1.png","datePublished":"2019-11-20T08:16:12+00:00","dateModified":"2024-11-20T12:05:26+00:00","description":"Get the full overview in an easy way, with a predefined package for integration between SuperOffice and your financial system. Read more about ERP Integration &gt;","breadcrumb":{"@id":"https:\/\/beezy365apps.com\/erp-integration\/#breadcrumb"},"inLanguage":"en-GB","potentialAction":[{"@type":"ReadAction","target":["https:\/\/beezy365apps.com\/erp-integration\/"]}]},{"@type":"ImageObject","inLanguage":"en-GB","@id":"https:\/\/beezy365apps.com\/erp-integration\/#primaryimage","url":"https:\/\/beezy365apps.com.web08.webtohosting.dk\/wp-content\/uploads\/2019\/11\/EDS1.png","contentUrl":"https:\/\/beezy365apps.com.web08.webtohosting.dk\/wp-content\/uploads\/2019\/11\/EDS1.png"},{"@type":"BreadcrumbList","@id":"https:\/\/beezy365apps.com\/erp-integration\/#breadcrumb","itemListElement":[{"@type":"ListItem","position":1,"name":"Hjem","item":"https:\/\/beezy365apps.com\/"},{"@type":"ListItem","position":2,"name":"ERP Integration"}]},{"@type":"WebSite","@id":"https:\/\/beezy365apps.com\/#website","url":"https:\/\/beezy365apps.com\/","name":"Beezy365apps","description":"Apps for SuperOffice","publisher":{"@id":"https:\/\/beezy365apps.com\/#organization"},"potentialAction":[{"@type":"SearchAction","target":{"@type":"EntryPoint","urlTemplate":"https:\/\/beezy365apps.com\/?s={search_term_string}"},"query-input":{"@type":"PropertyValueSpecification","valueRequired":true,"valueName":"search_term_string"}}],"inLanguage":"en-GB"},{"@type":"Organization","@id":"https:\/\/beezy365apps.com\/#organization","name":"Beezy365apps","url":"https:\/\/beezy365apps.com\/","logo":{"@type":"ImageObject","inLanguage":"en-GB","@id":"https:\/\/beezy365apps.com\/#\/schema\/logo\/image\/","url":"https:\/\/beezy365apps.com\/wp-content\/uploads\/2023\/02\/Beezy365-apps-logo.png","contentUrl":"https:\/\/beezy365apps.com\/wp-content\/uploads\/2023\/02\/Beezy365-apps-logo.png","width":300,"height":52,"caption":"Beezy365apps"},"image":{"@id":"https:\/\/beezy365apps.com\/#\/schema\/logo\/image\/"}}]}},"_links":{"self":[{"href":"https:\/\/beezy365apps.com\/en\/wp-json\/wp\/v2\/pages\/2968","targetHints":{"allow":["GET"]}}],"collection":[{"href":"https:\/\/beezy365apps.com\/en\/wp-json\/wp\/v2\/pages"}],"about":[{"href":"https:\/\/beezy365apps.com\/en\/wp-json\/wp\/v2\/types\/page"}],"author":[{"embeddable":true,"href":"https:\/\/beezy365apps.com\/en\/wp-json\/wp\/v2\/users\/4"}],"replies":[{"embeddable":true,"href":"https:\/\/beezy365apps.com\/en\/wp-json\/wp\/v2\/comments?post=2968"}],"version-history":[{"count":33,"href":"https:\/\/beezy365apps.com\/en\/wp-json\/wp\/v2\/pages\/2968\/revisions"}],"predecessor-version":[{"id":6985,"href":"https:\/\/beezy365apps.com\/en\/wp-json\/wp\/v2\/pages\/2968\/revisions\/6985"}],"wp:attachment":[{"href":"https:\/\/beezy365apps.com\/en\/wp-json\/wp\/v2\/media?parent=2968"}],"curies":[{"name":"wp","href":"https:\/\/api.w.org\/{rel}","templated":true}]}}