{"id":7167,"date":"2025-04-12T20:55:50","date_gmt":"2025-04-12T19:55:50","guid":{"rendered":"https:\/\/beezy365apps.com\/?page_id=7167"},"modified":"2025-04-12T21:22:45","modified_gmt":"2025-04-12T20:22:45","slug":"vil-du-vaere-partner-med-os","status":"publish","type":"page","link":"https:\/\/beezy365apps.com\/en\/vil-du-vaere-partner-med-os\/","title":{"rendered":"Would you like to partner with us?"},"content":{"rendered":"\t\t<div data-elementor-type=\"wp-page\" data-elementor-id=\"7167\" class=\"elementor elementor-7167\" data-elementor-post-type=\"page\">\n\t\t\t\t\t\t<section class=\"elementor-section elementor-top-section elementor-element elementor-element-0649d92 elementor-section-boxed elementor-section-height-default elementor-section-height-default\" data-id=\"0649d92\" data-element_type=\"section\" data-e-type=\"section\">\n\t\t\t\t\t\t<div class=\"elementor-container elementor-column-gap-default\">\n\t\t\t\t\t<div class=\"elementor-column elementor-col-100 elementor-top-column elementor-element elementor-element-16d688e\" data-id=\"16d688e\" data-element_type=\"column\" data-e-type=\"column\">\n\t\t\t<div class=\"elementor-widget-wrap elementor-element-populated\">\n\t\t\t\t\t\t<div class=\"elementor-element elementor-element-c4c8b6c elementor-widget__width-initial elementor-widget elementor-widget-text-editor\" data-id=\"c4c8b6c\" data-element_type=\"widget\" data-e-type=\"widget\" data-widget_type=\"text-editor.default\">\n\t\t\t\t<div class=\"elementor-widget-container\">\n\t\t\t\t\t\t\t\t\t<p>Det er muligt at tjene penge p\u00e5 at s\u00e6lger Beezy365apps moduler. Vi arbejder med flere modeller for kick-back. Start med at udfyld e formularen herunder vi tager kontakt med dig.<\/p><p>\u00a0<\/p>\t\t\t\t\t\t\t\t<\/div>\n\t\t\t\t<\/div>\n\t\t\t\t<div class=\"elementor-element elementor-element-a9e67bf elementor-button-align-stretch elementor-widget elementor-widget-form\" data-id=\"a9e67bf\" data-element_type=\"widget\" data-e-type=\"widget\" data-settings=\"{&quot;step_next_label&quot;:&quot;N\\u00e6ste&quot;,&quot;step_previous_label&quot;:&quot;Tidligere&quot;,&quot;button_width&quot;:&quot;100&quot;,&quot;step_type&quot;:&quot;number_text&quot;,&quot;step_icon_shape&quot;:&quot;circle&quot;}\" data-widget_type=\"form.default\">\n\t\t\t\t<div class=\"elementor-widget-container\">\n\t\t\t\t\t\t\t<form class=\"elementor-form\" method=\"post\" name=\"Bliv partner\">\n\t\t\t<input type=\"hidden\" name=\"post_id\" value=\"7167\"\/>\n\t\t\t<input type=\"hidden\" name=\"form_id\" value=\"a9e67bf\"\/>\n\t\t\t<input type=\"hidden\" name=\"referer_title\" value=\"Vil du v\u00e6re partner med os ? - Beezy365apps\" \/>\n\n\t\t\t\t\t\t\t<input type=\"hidden\" name=\"queried_id\" value=\"7167\"\/>\n\t\t\t\n\t\t\t<div class=\"elementor-form-fields-wrapper elementor-labels-above\">\n\t\t\t\t\t\t\t\t<div class=\"elementor-field-type-text elementor-field-group elementor-column elementor-field-group-name elementor-col-100\">\n\t\t\t\t\t\t\t\t\t\t\t\t<label for=\"form-field-name\" class=\"elementor-field-label\">\n\t\t\t\t\t\t\t\tNavn\t\t\t\t\t\t\t<\/label>\n\t\t\t\t\t\t\t\t\t\t\t\t\t\t<input size=\"1\" type=\"text\" name=\"form_fields[name]\" id=\"form-field-name\" class=\"elementor-field elementor-size-sm  elementor-field-textual\" placeholder=\"For og efternavn\">\n\t\t\t\t\t\t\t\t\t\t\t<\/div>\n\t\t\t\t\t\t\t\t<div class=\"elementor-field-type-email elementor-field-group elementor-column elementor-field-group-email elementor-col-100 elementor-field-required\">\n\t\t\t\t\t\t\t\t\t\t\t\t<label for=\"form-field-email\" class=\"elementor-field-label\">\n\t\t\t\t\t\t\t\tE-mail\t\t\t\t\t\t\t<\/label>\n\t\t\t\t\t\t\t\t\t\t\t\t\t\t<input size=\"1\" type=\"email\" name=\"form_fields[email]\" id=\"form-field-email\" class=\"elementor-field elementor-size-sm  elementor-field-textual\" placeholder=\"E-mail\" required=\"required\">\n\t\t\t\t\t\t\t\t\t\t\t<\/div>\n\t\t\t\t\t\t\t\t<div class=\"elementor-field-type-tel elementor-field-group elementor-column elementor-field-group-field_2d6e8ee elementor-col-100\">\n\t\t\t\t\t\t\t\t\t\t\t\t<label for=\"form-field-field_2d6e8ee\" class=\"elementor-field-label\">\n\t\t\t\t\t\t\t\tTelefon\t\t\t\t\t\t\t<\/label>\n\t\t\t\t\t\t\t\t<input size=\"1\" type=\"tel\" name=\"form_fields[field_2d6e8ee]\" id=\"form-field-field_2d6e8ee\" class=\"elementor-field elementor-size-sm  elementor-field-textual\" placeholder=\"+xx xx xx xx xx\" pattern=\"[0-9()#&amp;+*-=.]+\" title=\"Kun tal og telefonkarakterer (#,-,*, o.s.v.) accepteres.\">\n\n\t\t\t\t\t\t<\/div>\n\t\t\t\t\t\t\t\t<div class=\"elementor-field-type-text elementor-field-group elementor-column elementor-field-group-field_90dc1a6 elementor-col-100 elementor-field-required\">\n\t\t\t\t\t\t\t\t\t\t\t\t<label for=\"form-field-field_90dc1a6\" class=\"elementor-field-label\">\n\t\t\t\t\t\t\t\tFirma\t\t\t\t\t\t\t<\/label>\n\t\t\t\t\t\t\t\t\t\t\t\t\t\t<input size=\"1\" type=\"text\" name=\"form_fields[field_90dc1a6]\" id=\"form-field-field_90dc1a6\" class=\"elementor-field elementor-size-sm  elementor-field-textual\" placeholder=\"Firmanavn\" required=\"required\">\n\t\t\t\t\t\t\t\t\t\t\t<\/div>\n\t\t\t\t\t\t\t\t<div class=\"elementor-field-type-select elementor-field-group elementor-column elementor-field-group-field_363637a elementor-col-100 elementor-field-required\">\n\t\t\t\t\t\t\t\t\t\t\t\t<label for=\"form-field-field_363637a\" class=\"elementor-field-label\">\n\t\t\t\t\t\t\t\tLand\t\t\t\t\t\t\t<\/label>\n\t\t\t\t\t\t\t\t<div class=\"elementor-field elementor-select-wrapper remove-before \">\n\t\t\t<div class=\"select-caret-down-wrapper\">\n\t\t\t\t<i aria-hidden=\"true\" class=\"eicon-caret-down\"><\/i>\t\t\t<\/div>\n\t\t\t<select name=\"form_fields[field_363637a]\" id=\"form-field-field_363637a\" class=\"elementor-field-textual elementor-size-sm\" required=\"required\">\n\t\t\t\t\t\t\t\t\t<option value=\"Danmark\">Danmark<\/option>\n\t\t\t\t\t\t\t\t\t<option value=\"Norge\">Norge<\/option>\n\t\t\t\t\t\t\t\t\t<option value=\"Sverige\">Sverige<\/option>\n\t\t\t\t\t\t\t\t\t<option value=\"Tyskland\">Tyskland<\/option>\n\t\t\t\t\t\t\t\t\t<option value=\"Holland\">Holland<\/option>\n\t\t\t\t\t\t\t\t\t<option value=\"England\">England<\/option>\n\t\t\t\t\t\t\t\t\t<option value=\"Other\">Other<\/option>\n\t\t\t\t\t\t\t\t\t<option value=\"\"><\/option>\n\t\t\t\t\t\t\t<\/select>\n\t\t<\/div>\n\t\t\t\t\t\t<\/div>\n\t\t\t\t\t\t\t\t<div class=\"elementor-field-type-checkbox elementor-field-group elementor-column elementor-field-group-field_d8949e7 elementor-col-30\">\n\t\t\t\t\t\t\t\t\t\t\t\t<label for=\"form-field-field_d8949e7\" class=\"elementor-field-label\">\n\t\t\t\t\t\t\t\tHvilken virksomhed er I ?\t\t\t\t\t\t\t<\/label>\n\t\t\t\t\t\t<div class=\"elementor-field-subgroup  elementor-subgroup-inline\"><span class=\"elementor-field-option\"><input type=\"checkbox\" value=\" SuperOffice selling partner\" id=\"form-field-field_d8949e7-0\" name=\"form_fields[field_d8949e7][]\"> <label for=\"form-field-field_d8949e7-0\"> SuperOffice selling partner<\/label><\/span><span class=\"elementor-field-option\"><input type=\"checkbox\" value=\" SuperOffice implementation partner\" id=\"form-field-field_d8949e7-1\" name=\"form_fields[field_d8949e7][]\"> <label for=\"form-field-field_d8949e7-1\"> SuperOffice implementation partner<\/label><\/span><span class=\"elementor-field-option\"><input type=\"checkbox\" value=\" SuperOffice development partner\" id=\"form-field-field_d8949e7-2\" name=\"form_fields[field_d8949e7][]\"> <label for=\"form-field-field_d8949e7-2\"> SuperOffice development partner<\/label><\/span><span class=\"elementor-field-option\"><input type=\"checkbox\" value=\" Integrations partner\" id=\"form-field-field_d8949e7-3\" name=\"form_fields[field_d8949e7][]\"> <label for=\"form-field-field_d8949e7-3\"> Integrations partner<\/label><\/span><span class=\"elementor-field-option\"><input type=\"checkbox\" value=\" S\u00e6lger ikke SuperOffice\" id=\"form-field-field_d8949e7-4\" name=\"form_fields[field_d8949e7][]\"> <label for=\"form-field-field_d8949e7-4\"> S\u00e6lger ikke SuperOffice<\/label><\/span><\/div>\t\t\t\t<\/div>\n\t\t\t\t\t\t\t\t<div class=\"elementor-field-type-textarea elementor-field-group elementor-column elementor-field-group-message elementor-col-100\">\n\t\t\t\t\t\t\t\t\t\t\t\t<label for=\"form-field-message\" class=\"elementor-field-label\">\n\t\t\t\t\t\t\t\tMeddelelse\t\t\t\t\t\t\t<\/label>\n\t\t\t\t\t\t<textarea class=\"elementor-field-textual elementor-field  elementor-size-sm\" name=\"form_fields[message]\" id=\"form-field-message\" rows=\"4\" placeholder=\"Meddelelse\"><\/textarea>\t\t\t\t<\/div>\n\t\t\t\t\t\t\t\t<div class=\"elementor-field-group elementor-column elementor-field-type-submit elementor-col-100 e-form__buttons\">\n\t\t\t\t\t<button class=\"elementor-button elementor-size-sm\" type=\"submit\">\n\t\t\t\t\t\t<span class=\"elementor-button-content-wrapper\">\n\t\t\t\t\t\t\t\t\t\t\t\t\t\t\t\t\t\t\t\t\t\t<span class=\"elementor-button-text\">Send<\/span>\n\t\t\t\t\t\t\t\t\t\t\t\t\t<\/span>\n\t\t\t\t\t<\/button>\n\t\t\t\t<\/div>\n\t\t\t<\/div>\n\t\t<\/form>\n\t\t\t\t\t\t<\/div>\n\t\t\t\t<\/div>\n\t\t\t\t\t<\/div>\n\t\t<\/div>\n\t\t\t\t\t<\/div>\n\t\t<\/section>\n\t\t\t\t<\/div>\n\t\t","protected":false},"excerpt":{"rendered":"<p>It is possible to make money selling Beezy365apps modules. We work with several models for kick-back. Start by filling out the form below and we will contact you. \u00a0<\/p>","protected":false},"author":2,"featured_media":0,"parent":0,"menu_order":0,"comment_status":"closed","ping_status":"closed","template":"","meta":{"iawp_total_views":56,"footnotes":""},"class_list":["post-7167","page","type-page","status-publish","hentry"],"yoast_head":"<!-- This site is optimized with the Yoast SEO plugin v27.5 - https:\/\/yoast.com\/product\/yoast-seo-wordpress\/ -->\n<title>Vil du v\u00e6re partner med os ? - Beezy365apps<\/title>\n<meta name=\"robots\" content=\"index, follow, max-snippet:-1, max-image-preview:large, max-video-preview:-1\" \/>\n<link rel=\"canonical\" href=\"https:\/\/beezy365apps.com\/en\/vil-du-vaere-partner-med-os\/\" \/>\n<meta property=\"og:locale\" content=\"en_GB\" \/>\n<meta property=\"og:type\" content=\"article\" \/>\n<meta property=\"og:title\" content=\"Vil du v\u00e6re partner med os ? - Beezy365apps\" \/>\n<meta property=\"og:description\" content=\"Det er muligt at tjene penge p\u00e5 at s\u00e6lger Beezy365apps moduler. Vi arbejder med flere modeller for kick-back. Start med at udfyld e formularen herunder vi tager kontakt med dig. \u00a0\" \/>\n<meta property=\"og:url\" content=\"https:\/\/beezy365apps.com\/en\/vil-du-vaere-partner-med-os\/\" \/>\n<meta property=\"og:site_name\" content=\"Beezy365apps\" \/>\n<meta property=\"article:modified_time\" content=\"2025-04-12T20:22:45+00:00\" \/>\n<meta name=\"twitter:card\" content=\"summary_large_image\" \/>\n<meta name=\"twitter:label1\" content=\"Estimated reading time\" \/>\n\t<meta name=\"twitter:data1\" content=\"1 minute\" \/>\n<script type=\"application\/ld+json\" class=\"yoast-schema-graph\">{\"@context\":\"https:\\\/\\\/schema.org\",\"@graph\":[{\"@type\":\"WebPage\",\"@id\":\"https:\\\/\\\/beezy365apps.com\\\/vil-du-vaere-partner-med-os\\\/\",\"url\":\"https:\\\/\\\/beezy365apps.com\\\/vil-du-vaere-partner-med-os\\\/\",\"name\":\"Vil du v\u00e6re partner med os ? - Beezy365apps\",\"isPartOf\":{\"@id\":\"https:\\\/\\\/beezy365apps.com\\\/#website\"},\"datePublished\":\"2025-04-12T19:55:50+00:00\",\"dateModified\":\"2025-04-12T20:22:45+00:00\",\"breadcrumb\":{\"@id\":\"https:\\\/\\\/beezy365apps.com\\\/vil-du-vaere-partner-med-os\\\/#breadcrumb\"},\"inLanguage\":\"en-GB\",\"potentialAction\":[{\"@type\":\"ReadAction\",\"target\":[\"https:\\\/\\\/beezy365apps.com\\\/vil-du-vaere-partner-med-os\\\/\"]}]},{\"@type\":\"BreadcrumbList\",\"@id\":\"https:\\\/\\\/beezy365apps.com\\\/vil-du-vaere-partner-med-os\\\/#breadcrumb\",\"itemListElement\":[{\"@type\":\"ListItem\",\"position\":1,\"name\":\"Hjem\",\"item\":\"https:\\\/\\\/beezy365apps.com\\\/\"},{\"@type\":\"ListItem\",\"position\":2,\"name\":\"Vil du v\u00e6re partner med os ?\"}]},{\"@type\":\"WebSite\",\"@id\":\"https:\\\/\\\/beezy365apps.com\\\/#website\",\"url\":\"https:\\\/\\\/beezy365apps.com\\\/\",\"name\":\"Beezy365apps\",\"description\":\"Apps for SuperOffice\",\"publisher\":{\"@id\":\"https:\\\/\\\/beezy365apps.com\\\/#organization\"},\"potentialAction\":[{\"@type\":\"SearchAction\",\"target\":{\"@type\":\"EntryPoint\",\"urlTemplate\":\"https:\\\/\\\/beezy365apps.com\\\/?s={search_term_string}\"},\"query-input\":{\"@type\":\"PropertyValueSpecification\",\"valueRequired\":true,\"valueName\":\"search_term_string\"}}],\"inLanguage\":\"en-GB\"},{\"@type\":\"Organization\",\"@id\":\"https:\\\/\\\/beezy365apps.com\\\/#organization\",\"name\":\"Beezy365apps\",\"url\":\"https:\\\/\\\/beezy365apps.com\\\/\",\"logo\":{\"@type\":\"ImageObject\",\"inLanguage\":\"en-GB\",\"@id\":\"https:\\\/\\\/beezy365apps.com\\\/#\\\/schema\\\/logo\\\/image\\\/\",\"url\":\"https:\\\/\\\/beezy365apps.com\\\/wp-content\\\/uploads\\\/2023\\\/02\\\/Beezy365-apps-logo.png\",\"contentUrl\":\"https:\\\/\\\/beezy365apps.com\\\/wp-content\\\/uploads\\\/2023\\\/02\\\/Beezy365-apps-logo.png\",\"width\":300,\"height\":52,\"caption\":\"Beezy365apps\"},\"image\":{\"@id\":\"https:\\\/\\\/beezy365apps.com\\\/#\\\/schema\\\/logo\\\/image\\\/\"}}]}<\/script>\n<!-- \/ Yoast SEO plugin. -->","yoast_head_json":{"title":"Vil du v\u00e6re partner med os ? - Beezy365apps","robots":{"index":"index","follow":"follow","max-snippet":"max-snippet:-1","max-image-preview":"max-image-preview:large","max-video-preview":"max-video-preview:-1"},"canonical":"https:\/\/beezy365apps.com\/en\/vil-du-vaere-partner-med-os\/","og_locale":"en_GB","og_type":"article","og_title":"Vil du v\u00e6re partner med os ? - Beezy365apps","og_description":"Det er muligt at tjene penge p\u00e5 at s\u00e6lger Beezy365apps moduler. Vi arbejder med flere modeller for kick-back. Start med at udfyld e formularen herunder vi tager kontakt med dig. \u00a0","og_url":"https:\/\/beezy365apps.com\/en\/vil-du-vaere-partner-med-os\/","og_site_name":"Beezy365apps","article_modified_time":"2025-04-12T20:22:45+00:00","twitter_card":"summary_large_image","twitter_misc":{"Estimated reading time":"1 minute"},"schema":{"@context":"https:\/\/schema.org","@graph":[{"@type":"WebPage","@id":"https:\/\/beezy365apps.com\/vil-du-vaere-partner-med-os\/","url":"https:\/\/beezy365apps.com\/vil-du-vaere-partner-med-os\/","name":"Vil du v\u00e6re partner med os ? - Beezy365apps","isPartOf":{"@id":"https:\/\/beezy365apps.com\/#website"},"datePublished":"2025-04-12T19:55:50+00:00","dateModified":"2025-04-12T20:22:45+00:00","breadcrumb":{"@id":"https:\/\/beezy365apps.com\/vil-du-vaere-partner-med-os\/#breadcrumb"},"inLanguage":"en-GB","potentialAction":[{"@type":"ReadAction","target":["https:\/\/beezy365apps.com\/vil-du-vaere-partner-med-os\/"]}]},{"@type":"BreadcrumbList","@id":"https:\/\/beezy365apps.com\/vil-du-vaere-partner-med-os\/#breadcrumb","itemListElement":[{"@type":"ListItem","position":1,"name":"Hjem","item":"https:\/\/beezy365apps.com\/"},{"@type":"ListItem","position":2,"name":"Vil du v\u00e6re partner med os ?"}]},{"@type":"WebSite","@id":"https:\/\/beezy365apps.com\/#website","url":"https:\/\/beezy365apps.com\/","name":"Beezy365apps","description":"Apps for SuperOffice","publisher":{"@id":"https:\/\/beezy365apps.com\/#organization"},"potentialAction":[{"@type":"SearchAction","target":{"@type":"EntryPoint","urlTemplate":"https:\/\/beezy365apps.com\/?s={search_term_string}"},"query-input":{"@type":"PropertyValueSpecification","valueRequired":true,"valueName":"search_term_string"}}],"inLanguage":"en-GB"},{"@type":"Organization","@id":"https:\/\/beezy365apps.com\/#organization","name":"Beezy365apps","url":"https:\/\/beezy365apps.com\/","logo":{"@type":"ImageObject","inLanguage":"en-GB","@id":"https:\/\/beezy365apps.com\/#\/schema\/logo\/image\/","url":"https:\/\/beezy365apps.com\/wp-content\/uploads\/2023\/02\/Beezy365-apps-logo.png","contentUrl":"https:\/\/beezy365apps.com\/wp-content\/uploads\/2023\/02\/Beezy365-apps-logo.png","width":300,"height":52,"caption":"Beezy365apps"},"image":{"@id":"https:\/\/beezy365apps.com\/#\/schema\/logo\/image\/"}}]}},"_links":{"self":[{"href":"https:\/\/beezy365apps.com\/en\/wp-json\/wp\/v2\/pages\/7167","targetHints":{"allow":["GET"]}}],"collection":[{"href":"https:\/\/beezy365apps.com\/en\/wp-json\/wp\/v2\/pages"}],"about":[{"href":"https:\/\/beezy365apps.com\/en\/wp-json\/wp\/v2\/types\/page"}],"author":[{"embeddable":true,"href":"https:\/\/beezy365apps.com\/en\/wp-json\/wp\/v2\/users\/2"}],"replies":[{"embeddable":true,"href":"https:\/\/beezy365apps.com\/en\/wp-json\/wp\/v2\/comments?post=7167"}],"version-history":[{"count":25,"href":"https:\/\/beezy365apps.com\/en\/wp-json\/wp\/v2\/pages\/7167\/revisions"}],"predecessor-version":[{"id":7196,"href":"https:\/\/beezy365apps.com\/en\/wp-json\/wp\/v2\/pages\/7167\/revisions\/7196"}],"wp:attachment":[{"href":"https:\/\/beezy365apps.com\/en\/wp-json\/wp\/v2\/media?parent=7167"}],"curies":[{"name":"wp","href":"https:\/\/api.w.org\/{rel}","templated":true}]}}